{"id":7873,"date":"2019-08-16T11:40:24","date_gmt":"2019-08-16T11:40:24","guid":{"rendered":"http:\/\/www.kvalevaag.se\/?page_id=7873"},"modified":"2025-07-21T08:30:30","modified_gmt":"2025-07-21T08:30:30","slug":"lars-dedrick-wadholm","status":"publish","type":"page","link":"https:\/\/www.kvalevaag.se\/?page_id=7873","title":{"rendered":"Lars Dedrick Wadholm"},"content":{"rendered":"<div id=\"pl-7873\"  class=\"panel-layout\" ><div id=\"pg-7873-0\"  class=\"panel-grid panel-no-style\" ><div id=\"pgc-7873-0-0\"  class=\"panel-grid-cell\" ><div id=\"panel-7873-0-0-0\" class=\"so-panel widget widget_wp_translation_widget panel-first-child\" data-index=\"0\" ><h3 class=\"widget-title\">Translate<\/h3><div id=\"wp_translate\"><\/div><\/div><div id=\"panel-7873-0-0-1\" class=\"so-panel widget widget_sow-editor panel-last-child\" data-index=\"1\" ><div\n\t\t\t\n\t\t\tclass=\"so-widget-sow-editor so-widget-sow-editor-base\"\n\t\t\t\n\t\t>\n<div class=\"siteorigin-widget-tinymce textwidget\">\n\t<p><strong>Wadholm i USA<\/strong><\/p>\n<figure id=\"attachment_7876\" aria-describedby=\"caption-attachment-7876\" style=\"width: 137px\" class=\"wp-caption alignright\"><img loading=\"lazy\" decoding=\"async\" class=\"wp-image-7876 size-full\" src=\"https:\/\/www.kvalevaag.se\/wp-content\/uploads\/2019\/08\/Laurense_Marie_Johannesdatter_Risdall.jpg\" alt=\"\" width=\"137\" height=\"200\" \/><figcaption id=\"caption-attachment-7876\" class=\"wp-caption-text\">Laurense Marie Wadholm<\/figcaption><\/figure>\n<p>G\u00e5r jag sex generationer bak\u00e5t finner jag Lars Larsen och Laurense Marie Johannesdatter Risdall som v\u00e4ljer att emigrera till Iowa, USA. Lars f\u00f6ddes 23 dec 1839 som n\u00e4st yngst i en syskonskara av 7 p\u00e5 Vaholmen i Skudeneshavn, Karm\u00f8y. Han tog namnet Lars Dedrick Wadholm i USA. Han gifter sig 5 juni 1866 i Falnes kyrka, Skudenes p\u00e5 Karm\u00f8y med Laurense Marie \"Mary\" Johannesdatter Risdall, ocks\u00e5 fr\u00e5n trakten. Hon f\u00f6ddes 26 dec 1843 som n\u00e4st\u00e4ldst i en syskonskara av 9 p\u00e5 \u00d8vre Risdal, Skudenes, hon avled 7 feb 1921. Lars avlider 10 juli 1921 I Mountrail County, North Dakota, USA. De valde att emigrera till Red Oak, Montgomery County, Iowa, USA n\u00e5gon g\u00e5ng under 1882. Han var den enda i sin familj som emigrerade medan i Laurense Marie \u201dMary\u201d familj emigrerade hela 6 av 8 vuxna syskon. De reste tillsammans med Grethe Johanne (1866), Karen Lovise (1868), Dina Marie, (1869), Jakob Larsen (1870), Tobias Thomas (1871), Ole Johan \"John\" (1874), Johannes \"James\" (1877) och Anders \"Andrew\" Magnus (1880). Den \u00e4ldsta flickan var sexton och den yngsta sonen var tv\u00e5 \u00e5r.<\/p>\n<figure id=\"attachment_7881\" aria-describedby=\"caption-attachment-7881\" style=\"width: 300px\" class=\"wp-caption alignleft\"><a href=\"wp-content\/uploads\/2019\/08\/Skudeneshavn_3_big.jpg\"><img loading=\"lazy\" decoding=\"async\" class=\"wp-image-7881 size-full\" src=\"https:\/\/www.kvalevaag.se\/wp-content\/uploads\/2019\/08\/Skudeneshavn_2_small.jpg\" alt=\"\" width=\"300\" height=\"195\" \/><\/a><figcaption id=\"caption-attachment-7881\" class=\"wp-caption-text\">Holmen, den mest attraktiva platsen n\u00e4ra sj\u00f6n. Husen p\u00e5 bilden \u00e4r byggda omkring 1845\u20131850.<\/figcaption><\/figure>\n<p>Strax efter ankomsten till Red Oak gifte sig den \u00e4ldsta dottern. Mellansystrarna gifte sig och flyttade till Washington State f\u00f6r att bygga sina familjer. Ingen av de tre systrarnas familjer har \u00e5terfunnit. Deras f\u00f6r- och mellannamn anv\u00e4ndes i Lars barnbarn men de gl\u00f6mdes inte av sina yngre br\u00f6der. Liksom alla v\u00e4xande familjer hade Lars och Mary f\u00f6rmodligen inte mycket pengar. De fick ytterligare tv\u00e5 s\u00f6ner, Lars Martin (1884\u20131934) och Hans (1886\u20131970) efter ankomsten till Red Oak. Lars arbetade f\u00f6rmodligen var han kunde f\u00f6r att tj\u00e4na pengar \u00e5t familjen. Det framg\u00e5r av en familjebild att de antingen hyrde eller \u00e4gde en liten g\u00e5rd n\u00e4ra Red Oak. De flesta vid denna tid var g\u00e5rdsbrukare men n\u00e5gra av barnen fick \u00e4ven andra sysslor. Thomas och Andrew Wadholm var b\u00e5da fiolbyggare, James Wadholm var vapensmed medan Hans Wadholm var m\u00e5lare.<\/p>\n<figure id=\"attachment_7874\" aria-describedby=\"caption-attachment-7874\" style=\"width: 300px\" class=\"wp-caption alignright\"><a href=\"wp-content\/uploads\/2019\/08\/Johannes_James_Larsen_Wadholm_big-1.jpg\"><img loading=\"lazy\" decoding=\"async\" class=\"wp-image-7874 size-full\" src=\"https:\/\/www.kvalevaag.se\/wp-content\/uploads\/2019\/08\/Johannes_James_Larsen_Wadholm_small.jpg\" alt=\"\" width=\"300\" height=\"240\" \/><\/a><figcaption id=\"caption-attachment-7874\" class=\"wp-caption-text\">Klicka f\u00f6r mer info<\/figcaption><\/figure>\n<p>N\u00e4r var och en av de sex pojkarna var tillr\u00e4ckligt gamla arbetade de f\u00f6rmodligen ocks\u00e5 med att f\u00e5 in pengar till familjen. De hade bott i Red Oak i cirka sjutton \u00e5r. Det hade varit p\u00e5 tal om att de skulle ha egna g\u00e5rdar s\u00e5 de gjorde upp en plan. Familjen Risdall var en stor del av denna plan. Marias familj, Risdall hade hittat en mycket fin mark i nord\u00f6stra South Dakota, en b\u00f6rdig dal n\u00e4ra Veblen. Den stora Risdall familjen fick barn och v\u00e4xte snabbt i Veblen runt 1890-talet. Risdalls hade migrerat till Minnesota i b\u00f6rjan av 1870-talet och sedan till South Dakota \u00e5r 1880. Risdall familjen i Veblen ber\u00e4ttade f\u00f6r Mary Wadholm om den underbara dal runt Veblen med mycket b\u00f6rdig mark. De kan ha ber\u00e4ttat f\u00f6r dem om jobbm\u00f6jligheterna. En sak \u00e4r s\u00e4ker, familjen Risdall hade ett stort inflytande p\u00e5 familjen Lars Wadholm som flyttade till Veblen, South Dakota.\u00a0Efter att ha bott i Red Oak i sjutton \u00e5r flyttade familjen Lars och Mary Wadholm 1897 norrut cirka 400 mil till Veblen. 1908 emigrerade Peder och Jensine Hartland fr\u00e5n Hjartland n\u00e4ra Leirfjord, Nordland, Norge till Claire City, South Dakota, inte l\u00e5ngt fr\u00e5n Veblen. De hade tv\u00e5 pojkar och tv\u00e5 flickor. Fred och yngre brodern Paul flyttade f\u00f6rst till Washington State 1906.<\/p>\n<p>En av flickorna hade en dotter. N\u00e5gon i Hartland familj kan ha bott och arbetat p\u00e5 en g\u00e5rd n\u00e4ra Wadholm. 1911 hade de tv\u00e5 Hartland systrarna Charlotte Paula (1887\u20131958) och Petra Elaine (1894\u20131980) f\u00e5tt \u00f6gonen p\u00e5 de tv\u00e5 \u00e4ldsta Wadholm br\u00f6derna, Thomas och John. 1912 gifte sig Thomas med Charlotte och John gifte sig med Petra. Familjerna Thomas och John Wadholm v\u00e4xte snabbt.<\/p>\n<p>\u00c4ttlingarna till Wadholm och Hartland v\u00e4xte och har nu spridits sig till m\u00e5nga stater.<\/p>\n<p>Allan Kvalevaag<br \/>2019-08-16<\/p>\n<\/div>\n<\/div><\/div><\/div><\/div><\/div>","protected":false},"excerpt":{"rendered":"<p>Wadholm i USAG\u00e5r jag sex generationer bak\u00e5t finner jag Lars Larsen och Laurense Marie Johannesdatter Risdall som v\u00e4ljer att emigrera till Iowa, USA. Lars f\u00f6ddes 23 dec 1839 som n\u00e4st yngst i en syskonskara av 7 p\u00e5 Vaholmen i Skudeneshavn, Karm\u00f8y. Han tog namnet Lars Dedrick Wadholm i USA. Han gifter sig 5 juni 1866 [&hellip;]<\/p>\n","protected":false},"author":1,"featured_media":0,"parent":0,"menu_order":0,"comment_status":"closed","ping_status":"closed","template":"","meta":{"_monsterinsights_skip_tracking":false,"_monsterinsights_sitenote_active":false,"_monsterinsights_sitenote_note":"","_monsterinsights_sitenote_category":0,"footnotes":""},"class_list":["post-7873","page","type-page","status-publish","czr-hentry"],"_links":{"self":[{"href":"https:\/\/www.kvalevaag.se\/index.php?rest_route=\/wp\/v2\/pages\/7873","targetHints":{"allow":["GET"]}}],"collection":[{"href":"https:\/\/www.kvalevaag.se\/index.php?rest_route=\/wp\/v2\/pages"}],"about":[{"href":"https:\/\/www.kvalevaag.se\/index.php?rest_route=\/wp\/v2\/types\/page"}],"author":[{"embeddable":true,"href":"https:\/\/www.kvalevaag.se\/index.php?rest_route=\/wp\/v2\/users\/1"}],"replies":[{"embeddable":true,"href":"https:\/\/www.kvalevaag.se\/index.php?rest_route=%2Fwp%2Fv2%2Fcomments&post=7873"}],"version-history":[{"count":6,"href":"https:\/\/www.kvalevaag.se\/index.php?rest_route=\/wp\/v2\/pages\/7873\/revisions"}],"predecessor-version":[{"id":10781,"href":"https:\/\/www.kvalevaag.se\/index.php?rest_route=\/wp\/v2\/pages\/7873\/revisions\/10781"}],"wp:attachment":[{"href":"https:\/\/www.kvalevaag.se\/index.php?rest_route=%2Fwp%2Fv2%2Fmedia&parent=7873"}],"curies":[{"name":"wp","href":"https:\/\/api.w.org\/{rel}","templated":true}]}}