{"id":744,"date":"2014-04-01T16:55:28","date_gmt":"2014-04-01T16:55:28","guid":{"rendered":"http:\/\/www.kvalevaag.se\/?page_id=744"},"modified":"2022-10-03T18:58:21","modified_gmt":"2022-10-03T18:58:21","slug":"744-2","status":"publish","type":"page","link":"https:\/\/www.kvalevaag.se\/?page_id=744","title":{"rendered":"Avaldsnes historia"},"content":{"rendered":"<p><strong>Avaldsnes historia<br \/>\n<img loading=\"lazy\" decoding=\"async\" class=\"alignright wp-image-2397 size-full\" src=\"https:\/\/www.kvalevaag.se\/wp-content\/uploads\/2014\/04\/avaldsnes_2.jpg\" alt=\"\" width=\"320\" height=\"240\" srcset=\"https:\/\/www.kvalevaag.se\/wp-content\/uploads\/2014\/04\/avaldsnes_2.jpg 320w, https:\/\/www.kvalevaag.se\/wp-content\/uploads\/2014\/04\/avaldsnes_2-300x225.jpg 300w\" sizes=\"auto, (max-width: 320px) 100vw, 320px\" \/><\/strong>N\u00e4r vikingarna levde p\u00e5 Avaldsnes hade Avaldsnes redan varit ett maktcentrum \u00e4nda sedan brons\u00e5ldern. I 3000 \u00e5r har Avaldsnes varit en strategisk plats d\u00e4r man kontrollerat skepp som passerat den Norska kusten. Avaldsnes har alltid utgjort en bas f\u00f6r att s\u00e4nda skepp \u00f6ver Nordsj\u00f6n. Karm\u00f8y ligger i det omr\u00e5det i Norge som f\u00f6rst blev fritt fr\u00e5n is efter istiden. 1998 fann man en 10 000 \u00e5r gammal boplats vid Karmsundet. Man har funnit en 60 \u00e5rig kvinna som drunknade utanf\u00f6r Karm\u00f8y f\u00f6r 8000 \u00e5r sedan. De flesta l\u00e4nder har f\u00e5tt sitt namn efter landomr\u00e5den, men inte Norge. Norge har f\u00e5tt sitt namn efter Nor(v)eg (vegen mot nord), v\u00e4gen mot norr. Detta s\u00e4ger en hel del om hur viktigt havet var och fortfarande \u00e4r f\u00f6r Norge.<\/p>\n<p><em>Kormt og Ormt og Kjerlaugar to, dei han dagleg vassar, Tor, n\u00e5r til tings han fer ved Yggdrasils ask; fordi \u00e5sbru brenn med loge, heite er heilage vatn (Gr\u00edmnism\u00e1l)<\/em><\/p>\n<p>N\u00e4r folk kom seglande s\u00e5 l\u00e5g Karmsundet som en strategisk viktig plats f\u00f6r v\u00e4gen mot norr. Det finns teorier om att Norge betyder Nors rike och inte har att g\u00f6ra med v\u00e4gen till norr. Karm\u00f8y kommer av tv\u00e5 delar dels av ordet \u00f6 och av Kromt som p\u00e5 norska betyder v\u00e4gg eller v\u00e4rn. D\u00e4r Karmsundet \u00e4r som smalast ligger Avaldsnes. Asaguden Tor tog varje morgon v\u00e4gen \u00f6ver sundet f\u00f6r att komma till Yggdrasils aska d\u00e4r gudarna h\u00f6ll r\u00e5dslag.<\/p>\n<p><strong>H\u00f6vdingen p\u00e5 Flaghaugen<\/strong><br \/>\n<img loading=\"lazy\" decoding=\"async\" class=\"alignright wp-image-2401 size-full\" src=\"https:\/\/www.kvalevaag.se\/wp-content\/uploads\/2014\/04\/Flaghaugen_2.jpg\" alt=\"\" width=\"240\" height=\"320\" srcset=\"https:\/\/www.kvalevaag.se\/wp-content\/uploads\/2014\/04\/Flaghaugen_2.jpg 240w, https:\/\/www.kvalevaag.se\/wp-content\/uploads\/2014\/04\/Flaghaugen_2-225x300.jpg 225w\" sizes=\"auto, (max-width: 240px) 100vw, 240px\" \/>fanns n\u00e4ra Olavskyrkan. F\u00f6re utgr\u00e4vningen 1835 var den 5 meter h\u00f6g och 43 m l\u00e5ng. N\u00e4r gravh\u00f6gen \u00f6ppnades fann man en h\u00f6vding fr\u00e5n 300 e.kr. Hans grav inneh\u00f6ll mer guld \u00e4n i n\u00e5gon annan grav i norra Europa fr\u00e5n sen romersk period. Den gravlagde var en v\u00e4stnorsk kusth\u00f6vding som var rikt utsmyckad man med vapen, personliga saker och bordsservis. H\u00e4r fann man hans sv\u00e4rd som var vackert utformat med en slida av tr\u00e4 dekorerad med silverplattor. D\u00e4r fanns flera ringar, en armring, pilspetsar, brons fat, spann av brons, silverb\u00e4gare, dryckeshorn medsilverbeslag och 31 spelbrickor av bl\u00e5tt och svart glas. Bara guldet tillsammans v\u00e4gde \u00f6ver 600 gram. De m\u00e5nga f\u00f6rn\u00e4ma begravningsg\u00e5vorna tyder p\u00e5 en n\u00e4ra kontakt med det romerska riket. H\u00f6vdingen som begravdes h\u00e4r tros haft kontakt med de 1000 krigare fr\u00e5n v\u00e4stra Norge som dog i slaget vid Illerup i Danmark omkring \u00e5r 250-300 e kr. N\u00e5gra forskare s\u00e4tter graven i f\u00f6rbindelse med att h\u00f6vdingen var en \u00e4ttling till den legendariske kung Nor. Bautastenen &#8221;Jungfru Marias syn\u00e5l&#8221; \u00e4r en av fem stora stenar fr\u00e5n en hednisk kultplats p\u00e5 Avaldsnes. Kanske blev de resta samtidigt som gravh\u00f6gen Flaghaugen. Runt om p\u00e5 Gloppe och dess n\u00e4rhet kan man finna en r\u00e4cka av husrester, inh\u00e4gnader, jordk\u00e4llare och annat som ber\u00e4ttar om handelsplatsen Gloppe.<\/p>\n<p><strong>Avaldsnes gravh\u00f6gar<\/strong><br \/>\n<img loading=\"lazy\" decoding=\"async\" class=\"alignleft wp-image-2402 size-full\" src=\"https:\/\/www.kvalevaag.se\/wp-content\/uploads\/2014\/04\/avaldsnes_6.jpg\" alt=\"\" width=\"320\" height=\"240\" srcset=\"https:\/\/www.kvalevaag.se\/wp-content\/uploads\/2014\/04\/avaldsnes_6.jpg 320w, https:\/\/www.kvalevaag.se\/wp-content\/uploads\/2014\/04\/avaldsnes_6-300x225.jpg 300w\" sizes=\"auto, (max-width: 320px) 100vw, 320px\" \/>Kungsh\u00f6garna Storhaug (Gunnarshaug) och Gr\u00f8nhaug blev \u00f6ppnade \u00e5r 1886 och i 1902. Gr\u00f8nnhaug hade varit utsatt for gravplundrare kort tid efter gravl\u00e4ggningen, medan Storhauggraven var utsatt for jordhungriga b\u00f6nder i senare tid. \u00c4nd\u00e5 visade det sig att det fanns tillr\u00e4ckligt med fynd i gravh\u00f6garna f\u00f6r att visa att det i skeppss\u00e4ttningarna hade funnits rikligt med begravningsg\u00e5vor. Man tog detta som tecken att Harald H\u00e5rfagre hade tagit med sin ynglinga\u00e4ttens begravningssed n\u00e4r han slog sig ner p\u00e5 Avaldsnes. Det finns forskning som tyder p\u00e5 att det till och med kan ha varit Haralds egen grav. Skeppss\u00e4ttningen Gr\u00f8nhaug ligger i utkanten av Blodheia d\u00e4r Snorre placerar slaget mellan H\u00e5kon den gode och s\u00f6nerna till Erik Blodyxa. Graven var ca 30 m i diameter och 4 m h\u00f6g. Den rymde ett skepp 15 m l\u00e5ngt och 3 m brett d\u00e4r h\u00f6vdingen var lagd p\u00e5 dunkuddar. N\u00e4r man unders\u00f6kt skelettresterna visade det sig att den d\u00f6de var en stor och kraftig man. \u00c5ldern har man inte kunnat fastst\u00e4ll, bara att han inte var en ung man. Graven har haft bes\u00f6k av gravplundrare men det som man fann var siden och engelskt glas som visade att det varit en rik gravh\u00f6g. Gravh\u00f6gen \u00e4r daterad till ca 930 e. Kr. Datering \u00e4r en av orsakerna till att forskarna ser den som en m\u00f6jlig grav till Harald H\u00e5rfager. Snorre skriver att Harald H\u00e5rfager blev begravd &#8221;Hauge op ad Kormtsund&#8221;, och Gr\u00f8nhaug ligger n\u00e4stan vid g\u00e5rden Haugo p\u00e5 Torvastad. Gravh\u00f6gen kan ocks\u00e5 ha varit f\u00f6r Haralds sonson Gutorm Eriksson, en av dem som slogs mot H\u00e5kon den gode i slaget vid Blodeheia p\u00e5 Avaldsnes ca 953. Historieskrivaren Agrip ber\u00e4ttar att tre av Eriks Blodyxa s\u00f6ner dog i slaget men Strula n\u00e4mner bara Guttorm. Gravens placering \u00e4r i blickf\u00e5nget fr\u00e5n kungsg\u00e5rden p\u00e5 Avaldsnes s\u00e5 att ingen skulle kunna ta sig in och plundra graven utan uppt\u00e4ckt. Bara delar av skelettet har blivit funnet. Man vet att Harald Bl\u00e5tand tog sina f\u00f6r\u00e4ldrars skelett ur deras grav f\u00f6r att begrava dem i Jellinge kyrka i Danmark, kanske har tanken varit densamma h\u00e4r att n\u00e5gon velat kristna den d\u00f6de efter dennes d\u00f6d. Inne i gravh\u00f6gen har man funnit ett vaxljus som \u00e4r en tydlig kristen symbol f\u00f6r att oskadligg\u00f6ra graven mot plundring. Gravh\u00f6garna Kungsh\u00f6garna Storhaug (Gunnarshaug) och Gr\u00f8nhaug blev \u00f6ppnade \u00e5r 1886 och i 1902. Gr\u00f8nnhaug hade varit utsatt for gravplundrare kort tid efter gravl\u00e4ggningen, medan Storhauggraven var utsatt for jordhungriga b\u00f6nder i senare tid. \u00c4nd\u00e5 visade det sig att det fanns tillr\u00e4ckligt med fynd i gravh\u00f6garna f\u00f6r att visa att det i skeppss\u00e4ttningarna hade funnits rikligt med begravningsg\u00e5vor. Man tog detta som tecken att Harald H\u00e5rfagre hade tagit med sin ynglinga\u00e4ttens begravningssed med sig n\u00e4r han slog sig ner p\u00e5 Avaldsnes. Det finns saker som tyder p\u00e5 att det till och med kan ha varit Haralds egen grav, det finns forskning som styrker detta.<\/p>\n<p>Allan Kvalevaag<br \/>\n2020-03-25<\/p>\n","protected":false},"excerpt":{"rendered":"<p>Avaldsnes historia N\u00e4r vikingarna levde p\u00e5 Avaldsnes hade Avaldsnes redan varit ett maktcentrum \u00e4nda sedan brons\u00e5ldern. I 3000 \u00e5r har Avaldsnes varit en strategisk plats d\u00e4r man kontrollerat skepp som passerat den Norska kusten. Avaldsnes har alltid utgjort en bas f\u00f6r att s\u00e4nda skepp \u00f6ver Nordsj\u00f6n. Karm\u00f8y ligger i det omr\u00e5det i Norge som f\u00f6rst [&hellip;]<\/p>\n","protected":false},"author":2,"featured_media":0,"parent":80,"menu_order":0,"comment_status":"closed","ping_status":"closed","template":"","meta":{"_monsterinsights_skip_tracking":false,"_monsterinsights_sitenote_active":false,"_monsterinsights_sitenote_note":"","_monsterinsights_sitenote_category":0,"footnotes":""},"class_list":["post-744","page","type-page","status-publish","czr-hentry"],"_links":{"self":[{"href":"https:\/\/www.kvalevaag.se\/index.php?rest_route=\/wp\/v2\/pages\/744","targetHints":{"allow":["GET"]}}],"collection":[{"href":"https:\/\/www.kvalevaag.se\/index.php?rest_route=\/wp\/v2\/pages"}],"about":[{"href":"https:\/\/www.kvalevaag.se\/index.php?rest_route=\/wp\/v2\/types\/page"}],"author":[{"embeddable":true,"href":"https:\/\/www.kvalevaag.se\/index.php?rest_route=\/wp\/v2\/users\/2"}],"replies":[{"embeddable":true,"href":"https:\/\/www.kvalevaag.se\/index.php?rest_route=%2Fwp%2Fv2%2Fcomments&post=744"}],"version-history":[{"count":12,"href":"https:\/\/www.kvalevaag.se\/index.php?rest_route=\/wp\/v2\/pages\/744\/revisions"}],"predecessor-version":[{"id":9705,"href":"https:\/\/www.kvalevaag.se\/index.php?rest_route=\/wp\/v2\/pages\/744\/revisions\/9705"}],"up":[{"embeddable":true,"href":"https:\/\/www.kvalevaag.se\/index.php?rest_route=\/wp\/v2\/pages\/80"}],"wp:attachment":[{"href":"https:\/\/www.kvalevaag.se\/index.php?rest_route=%2Fwp%2Fv2%2Fmedia&parent=744"}],"curies":[{"name":"wp","href":"https:\/\/api.w.org\/{rel}","templated":true}]}}